{"id":184,"date":"2021-03-29T13:20:03","date_gmt":"2021-03-29T11:20:03","guid":{"rendered":"http:\/\/nhmm.de\/?page_id=184"},"modified":"2021-12-07T22:27:35","modified_gmt":"2021-12-07T21:27:35","slug":"news","status":"publish","type":"page","link":"https:\/\/nhmm.de\/?page_id=184","title":{"rendered":"News"},"content":{"rendered":"\t\t<div data-elementor-type=\"wp-page\" data-elementor-id=\"184\" class=\"elementor elementor-184\">\n\t\t\t\t\t\t\t\t\t<section class=\"elementor-section elementor-top-section elementor-element elementor-element-5f47eef elementor-section-boxed elementor-section-height-default elementor-section-height-default\" data-id=\"5f47eef\" data-element_type=\"section\">\n\t\t\t\t\t\t<div class=\"elementor-container elementor-column-gap-default\">\n\t\t\t\t\t<div class=\"elementor-column elementor-col-100 elementor-top-column elementor-element elementor-element-3de7743\" data-id=\"3de7743\" data-element_type=\"column\">\n\t\t\t<div class=\"elementor-widget-wrap elementor-element-populated\">\n\t\t\t\t\t\t\t\t<div class=\"elementor-element elementor-element-c7f78d4 elementor-grid-3 elementor-grid-tablet-2 elementor-grid-mobile-1 elementor-posts--thumbnail-top elementor-widget elementor-widget-posts\" data-id=\"c7f78d4\" data-element_type=\"widget\" data-settings=\"{&quot;classic_masonry&quot;:&quot;yes&quot;,&quot;classic_columns&quot;:&quot;3&quot;,&quot;classic_columns_tablet&quot;:&quot;2&quot;,&quot;classic_columns_mobile&quot;:&quot;1&quot;,&quot;classic_row_gap&quot;:{&quot;unit&quot;:&quot;px&quot;,&quot;size&quot;:35,&quot;sizes&quot;:[]},&quot;classic_row_gap_tablet&quot;:{&quot;unit&quot;:&quot;px&quot;,&quot;size&quot;:&quot;&quot;,&quot;sizes&quot;:[]},&quot;classic_row_gap_mobile&quot;:{&quot;unit&quot;:&quot;px&quot;,&quot;size&quot;:&quot;&quot;,&quot;sizes&quot;:[]}}\" data-widget_type=\"posts.classic\">\n\t\t\t\t<div class=\"elementor-widget-container\">\n\t\t\t\t\t<div class=\"elementor-posts-container elementor-posts elementor-posts--skin-classic elementor-grid\">\n\t\t\t\t<article class=\"elementor-post elementor-grid-item post-1575 post type-post status-publish format-standard has-post-thumbnail hentry category-termine\">\n\t\t\t\t<a class=\"elementor-post__thumbnail__link\" href=\"https:\/\/nhmm.de\/?p=1575\" >\n\t\t\t<div class=\"elementor-post__thumbnail\"><img loading=\"lazy\" decoding=\"async\" width=\"605\" height=\"850\" src=\"https:\/\/nhmm.de\/wp-content\/uploads\/2024\/04\/ribnitz.png\" class=\"attachment-large size-large wp-image-1576\" alt=\"\" srcset=\"https:\/\/nhmm.de\/wp-content\/uploads\/2024\/04\/ribnitz.png 605w, https:\/\/nhmm.de\/wp-content\/uploads\/2024\/04\/ribnitz-214x300.png 214w, https:\/\/nhmm.de\/wp-content\/uploads\/2024\/04\/ribnitz-342x480.png 342w\" sizes=\"auto, (max-width: 605px) 100vw, 605px\" \/><\/div>\n\t\t<\/a>\n\t\t\t\t<div class=\"elementor-post__text\">\n\t\t\t\t<h3 class=\"elementor-post__title\">\n\t\t\t<a href=\"https:\/\/nhmm.de\/?p=1575\" >\n\t\t\t\tGesundheit &#8220;Neu&#8221; Gedacht\t\t\t<\/a>\n\t\t<\/h3>\n\t\t\t\t<div class=\"elementor-post__meta-data\">\n\t\t\t\t\t<span class=\"elementor-post-date\">\n\t\t\t16\/04\/2024\t\t<\/span>\n\t\t\t\t<span class=\"elementor-post-avatar\">\n\t\t\tKeine Kommentare\t\t<\/span>\n\t\t\t\t<\/div>\n\t\t\t\t<div class=\"elementor-post__excerpt\">\n\t\t\t\t\t<\/div>\n\t\t\n\t\t<a class=\"elementor-post__read-more\" href=\"https:\/\/nhmm.de\/?p=1575\" >\n\t\t\tWeiterlesen \u00bb\t\t<\/a>\n\n\t\t\t\t<\/div>\n\t\t\t\t<\/article>\n\t\t\t\t<article class=\"elementor-post elementor-grid-item post-1570 post type-post status-publish format-standard has-post-thumbnail hentry category-termine\">\n\t\t\t\t<a class=\"elementor-post__thumbnail__link\" href=\"https:\/\/nhmm.de\/?p=1570\" >\n\t\t\t<div class=\"elementor-post__thumbnail\"><img loading=\"lazy\" decoding=\"async\" width=\"1024\" height=\"683\" src=\"https:\/\/nhmm.de\/wp-content\/uploads\/2022\/08\/calendar-g0c9a6c26d_1920-1024x683.jpg\" class=\"attachment-large size-large wp-image-1438\" alt=\"\" srcset=\"https:\/\/nhmm.de\/wp-content\/uploads\/2022\/08\/calendar-g0c9a6c26d_1920-1024x683.jpg 1024w, https:\/\/nhmm.de\/wp-content\/uploads\/2022\/08\/calendar-g0c9a6c26d_1920-300x200.jpg 300w, https:\/\/nhmm.de\/wp-content\/uploads\/2022\/08\/calendar-g0c9a6c26d_1920-768x512.jpg 768w, https:\/\/nhmm.de\/wp-content\/uploads\/2022\/08\/calendar-g0c9a6c26d_1920-1536x1024.jpg 1536w, https:\/\/nhmm.de\/wp-content\/uploads\/2022\/08\/calendar-g0c9a6c26d_1920-640x427.jpg 640w, https:\/\/nhmm.de\/wp-content\/uploads\/2022\/08\/calendar-g0c9a6c26d_1920.jpg 1920w\" sizes=\"auto, (max-width: 1024px) 100vw, 1024px\" \/><\/div>\n\t\t<\/a>\n\t\t\t\t<div class=\"elementor-post__text\">\n\t\t\t\t<h3 class=\"elementor-post__title\">\n\t\t\t<a href=\"https:\/\/nhmm.de\/?p=1570\" >\n\t\t\t\tVortragsreihe\t\t\t<\/a>\n\t\t<\/h3>\n\t\t\t\t<div class=\"elementor-post__meta-data\">\n\t\t\t\t\t<span class=\"elementor-post-date\">\n\t\t\t16\/04\/2024\t\t<\/span>\n\t\t\t\t<span class=\"elementor-post-avatar\">\n\t\t\tKeine Kommentare\t\t<\/span>\n\t\t\t\t<\/div>\n\t\t\t\t<div class=\"elementor-post__excerpt\">\n\t\t\t<p>Vortragsreihe des Netzwerk Humane Medizin Liebe interessierte Menschen der 1. Vortragsreihe des Netzwerk Humane Medizin, hier kommen einige Informationen zu den Vortr\u00e4gen. Nach einer kurzen Begr\u00fc\u00dfung wird eine \u00c4rztin \u00fcber die Entwicklung des Krankenstandes seit 2020 sprechen. Warum sind die Zahlen so hoch? Gibt es einen Zusammenhang mit den Covid 19 Ma\u00dfnahmen? Im 2. Vortrag geht es um die elektronische Patientenakte, welche ab 2025 eingef\u00fchrt werden soll. Was bedeutet das f\u00fcr uns Versicherte? Die totale Kontrolle? Oder gibt es auch Vorteile? Die Biochemie ist sich einig:\u00a0\u00a0\u00a0\u00a0 47 Stoffe sind es, die das Leben eines Menschen ausmachen. W\u00fcrde nur einer fehlen,<\/p>\n\t\t<\/div>\n\t\t\n\t\t<a class=\"elementor-post__read-more\" href=\"https:\/\/nhmm.de\/?p=1570\" >\n\t\t\tWeiterlesen \u00bb\t\t<\/a>\n\n\t\t\t\t<\/div>\n\t\t\t\t<\/article>\n\t\t\t\t<article class=\"elementor-post elementor-grid-item post-1493 post type-post status-publish format-standard has-post-thumbnail hentry category-politik category-ukraine\">\n\t\t\t\t<a class=\"elementor-post__thumbnail__link\" href=\"https:\/\/nhmm.de\/?p=1493\" >\n\t\t\t<div class=\"elementor-post__thumbnail\"><img loading=\"lazy\" decoding=\"async\" width=\"1009\" height=\"1024\" src=\"https:\/\/nhmm.de\/wp-content\/uploads\/2022\/06\/IMG_20220622_0002-1009x1024.jpg\" class=\"attachment-large size-large wp-image-1287\" alt=\"\" srcset=\"https:\/\/nhmm.de\/wp-content\/uploads\/2022\/06\/IMG_20220622_0002-1009x1024.jpg 1009w, https:\/\/nhmm.de\/wp-content\/uploads\/2022\/06\/IMG_20220622_0002-296x300.jpg 296w, https:\/\/nhmm.de\/wp-content\/uploads\/2022\/06\/IMG_20220622_0002-768x779.jpg 768w, https:\/\/nhmm.de\/wp-content\/uploads\/2022\/06\/IMG_20220622_0002.jpg 1104w\" sizes=\"auto, (max-width: 1009px) 100vw, 1009px\" \/><\/div>\n\t\t<\/a>\n\t\t\t\t<div class=\"elementor-post__text\">\n\t\t\t\t<h3 class=\"elementor-post__title\">\n\t\t\t<a href=\"https:\/\/nhmm.de\/?p=1493\" >\n\t\t\t\tG\u00fcstrower Erkl\u00e4rung des Netzwerkes Humane Medizin Mecklenburg -Vorpommern\t\t\t<\/a>\n\t\t<\/h3>\n\t\t\t\t<div class=\"elementor-post__meta-data\">\n\t\t\t\t\t<span class=\"elementor-post-date\">\n\t\t\t26\/01\/2023\t\t<\/span>\n\t\t\t\t<span class=\"elementor-post-avatar\">\n\t\t\tKeine Kommentare\t\t<\/span>\n\t\t\t\t<\/div>\n\t\t\t\t<div class=\"elementor-post__excerpt\">\n\t\t\t<p>Wir, die Mitglieder des Netzwerkes Humane Medizin Mecklenburg -Vorpommern, erkl\u00e4ren Folgendes: Wir als Angeh\u00f6rige medizinscher Professionen haben uns dem Schutz des Lebens, der Gesundheit und der Menschlichkeit mit unserer Berufswahl, mit unterschiedlichen Gel\u00f6bnissen und der Anerkennung verschiedener Deklarationen (so zum Beispiel des Genfer \u00c4rztegel\u00f6bnisses, des N\u00fcrnberger Kodex oder der UN \u2013 Menschenrechtskonvention) verschrieben. Kriege stehen dem Grundanliegen unserer Professionen diametral entgegen. Kriege t\u00f6ten Menschen, verletzen Menschen k\u00f6rperlich und seelisch. Der Einsatz von Massenvernichtungswaffen sch\u00e4digt die Menschen auf Generationen hinaus. Kriegerische Auseinandersetzungen sind mit Nichts zu rechtfertigen! Opfer in den bewaffneten Auseinandersetzungen nach dem 2. Weltkrieg, waren zu 85-90% Zivilisten. Gewinner<\/p>\n\t\t<\/div>\n\t\t\n\t\t<a class=\"elementor-post__read-more\" href=\"https:\/\/nhmm.de\/?p=1493\" >\n\t\t\tWeiterlesen \u00bb\t\t<\/a>\n\n\t\t\t\t<\/div>\n\t\t\t\t<\/article>\n\t\t\t\t<article class=\"elementor-post elementor-grid-item post-1445 post type-post status-publish format-standard has-post-thumbnail hentry category-termine\">\n\t\t\t\t<a class=\"elementor-post__thumbnail__link\" href=\"https:\/\/nhmm.de\/?p=1445\" >\n\t\t\t<div class=\"elementor-post__thumbnail\"><img loading=\"lazy\" decoding=\"async\" width=\"1024\" height=\"683\" src=\"https:\/\/nhmm.de\/wp-content\/uploads\/2022\/08\/1615923970-1024x683.jpg\" class=\"attachment-large size-large wp-image-1460\" alt=\"\" srcset=\"https:\/\/nhmm.de\/wp-content\/uploads\/2022\/08\/1615923970-1024x683.jpg 1024w, https:\/\/nhmm.de\/wp-content\/uploads\/2022\/08\/1615923970-300x200.jpg 300w, https:\/\/nhmm.de\/wp-content\/uploads\/2022\/08\/1615923970-768x512.jpg 768w, https:\/\/nhmm.de\/wp-content\/uploads\/2022\/08\/1615923970-1536x1024.jpg 1536w, https:\/\/nhmm.de\/wp-content\/uploads\/2022\/08\/1615923970-2048x1365.jpg 2048w, https:\/\/nhmm.de\/wp-content\/uploads\/2022\/08\/1615923970-640x427.jpg 640w\" sizes=\"auto, (max-width: 1024px) 100vw, 1024px\" \/><\/div>\n\t\t<\/a>\n\t\t\t\t<div class=\"elementor-post__text\">\n\t\t\t\t<h3 class=\"elementor-post__title\">\n\t\t\t<a href=\"https:\/\/nhmm.de\/?p=1445\" >\n\t\t\t\tNeu: Florian Schilling am 30.10.22 um 16 Uhr\t\t\t<\/a>\n\t\t<\/h3>\n\t\t\t\t<div class=\"elementor-post__meta-data\">\n\t\t\t\t\t<span class=\"elementor-post-date\">\n\t\t\t26\/08\/2022\t\t<\/span>\n\t\t\t\t<span class=\"elementor-post-avatar\">\n\t\t\tKeine Kommentare\t\t<\/span>\n\t\t\t\t<\/div>\n\t\t\t\t<div class=\"elementor-post__excerpt\">\n\t\t\t<p>Einladung zum Treffen mit Florian Schilling am Sonntag 30.10. um 16 Uhr in Seebad Bansin auf Usedom Liebe Kollegen, liebe Interessierte, liebe Patienten, Florian Schilling wird auf meine Einladung hin einige Tage im Herbst bei uns zur Erholung sein. Damit m\u00f6chte ich mich bei ihm f\u00fcr seine Arbeit bedanken. Wir bieten am Sonntag (vor dem Montag- Reformations- und Feiertag hier in MV und dem Dienstag- Allerheiligen und Feiertag in einigen anderen BL) die M\u00f6glichkeit eines netten fachlichen und pers\u00f6nlichen Austausches. Urspr\u00fcnglich war unser Angebot zur Teilnahme am QZ der Z\u00c4 in Rostock am 2.11. um 17 Uhr ergangen, welches wir<\/p>\n\t\t<\/div>\n\t\t\n\t\t<a class=\"elementor-post__read-more\" href=\"https:\/\/nhmm.de\/?p=1445\" >\n\t\t\tWeiterlesen \u00bb\t\t<\/a>\n\n\t\t\t\t<\/div>\n\t\t\t\t<\/article>\n\t\t\t\t<\/div>\n\t\t\n\t\t\t\t<\/div>\n\t\t\t\t<\/div>\n\t\t\t\t\t<\/div>\n\t\t<\/div>\n\t\t\t\t\t\t\t<\/div>\n\t\t<\/section>\n\t\t\t\t\t\t\t<\/div>\n\t\t","protected":false},"excerpt":{"rendered":"","protected":false},"author":3,"featured_media":0,"parent":0,"menu_order":0,"comment_status":"closed","ping_status":"closed","template":"","meta":{"footnotes":""},"class_list":["post-184","page","type-page","status-publish","hentry"],"blocksy_meta":{"styles_descriptor":{"styles":{"desktop":"","tablet":"","mobile":""},"google_fonts":[],"version":5}},"_links":{"self":[{"href":"https:\/\/nhmm.de\/index.php?rest_route=\/wp\/v2\/pages\/184","targetHints":{"allow":["GET"]}}],"collection":[{"href":"https:\/\/nhmm.de\/index.php?rest_route=\/wp\/v2\/pages"}],"about":[{"href":"https:\/\/nhmm.de\/index.php?rest_route=\/wp\/v2\/types\/page"}],"author":[{"embeddable":true,"href":"https:\/\/nhmm.de\/index.php?rest_route=\/wp\/v2\/users\/3"}],"replies":[{"embeddable":true,"href":"https:\/\/nhmm.de\/index.php?rest_route=%2Fwp%2Fv2%2Fcomments&post=184"}],"version-history":[{"count":2,"href":"https:\/\/nhmm.de\/index.php?rest_route=\/wp\/v2\/pages\/184\/revisions"}],"predecessor-version":[{"id":1224,"href":"https:\/\/nhmm.de\/index.php?rest_route=\/wp\/v2\/pages\/184\/revisions\/1224"}],"wp:attachment":[{"href":"https:\/\/nhmm.de\/index.php?rest_route=%2Fwp%2Fv2%2Fmedia&parent=184"}],"curies":[{"name":"wp","href":"https:\/\/api.w.org\/{rel}","templated":true}]}}