{"id":1528,"date":"2023-02-01T12:09:56","date_gmt":"2023-02-01T11:09:56","guid":{"rendered":"https:\/\/nhmm.de\/?page_id=1528"},"modified":"2023-02-01T12:15:07","modified_gmt":"2023-02-01T11:15:07","slug":"1528-2","status":"publish","type":"page","link":"https:\/\/nhmm.de\/?page_id=1528","title":{"rendered":"Mitglied werden?"},"content":{"rendered":"<p>Sie m\u00f6chten Mitglied in unserem Netzwerk werden?<\/p>\n<p>Wir w\u00fcrden uns sehr freuen, Sie in unserer Gemeinschaft begr\u00fc\u00dfen zu k\u00f6nnen.<\/p>\n<p>Daf\u00fcr bitten wir um eine kurze E-Mail mit Angabe des Namens, einer Telefonnummer und des Berufes an <a href=\"mailto:info@netzwerk-humane-medizin-mecklenburg.de\">info@netzwerk-humane-medizin-mecklenburg.de<\/a> .<\/p>\n<p>Nachfolgend bekommen Sie eine E-Mail mit einer Einladung zu unserem n\u00e4chsten Netzwerktreffen, damit wir uns gegenseitig kennenlernen k\u00f6nnen. Dort liegt eine Liste aus, in welche Sie sich eintragen &#8211; und somit w\u00fcrden Sie zu uns geh\u00f6ren.<\/p>\n<p>Wir w\u00fcrden uns \u00fcber die Kontaktaufnahme sehr freuen!<\/p>\n<p>Per Fischer<\/p>\n","protected":false},"excerpt":{"rendered":"<p>Sie m\u00f6chten Mitglied in unserem Netzwerk werden? Wir w\u00fcrden uns sehr freuen, Sie in unserer Gemeinschaft begr\u00fc\u00dfen zu k\u00f6nnen. Daf\u00fcr bitten wir um eine kurze E-Mail mit Angabe des Namens, einer Telefonnummer und des Berufes an info@netzwerk-humane-medizin-mecklenburg.de . Nachfolgend bekommen Sie eine E-Mail mit einer Einladung zu unserem n\u00e4chsten Netzwerktreffen, damit wir uns gegenseitig kennenlernen k\u00f6nnen. Dort liegt eine Liste aus, in welche Sie sich eintragen &#8211; und somit w\u00fcrden Sie zu uns geh\u00f6ren. Wir w\u00fcrden uns \u00fcber die Kontaktaufnahme sehr freuen! Per Fischer<\/p>\n","protected":false},"author":3,"featured_media":0,"parent":0,"menu_order":0,"comment_status":"closed","ping_status":"closed","template":"","meta":{"footnotes":""},"class_list":["post-1528","page","type-page","status-publish","hentry"],"blocksy_meta":{"styles_descriptor":{"styles":{"desktop":"","tablet":"","mobile":""},"google_fonts":[],"version":5}},"_links":{"self":[{"href":"https:\/\/nhmm.de\/index.php?rest_route=\/wp\/v2\/pages\/1528","targetHints":{"allow":["GET"]}}],"collection":[{"href":"https:\/\/nhmm.de\/index.php?rest_route=\/wp\/v2\/pages"}],"about":[{"href":"https:\/\/nhmm.de\/index.php?rest_route=\/wp\/v2\/types\/page"}],"author":[{"embeddable":true,"href":"https:\/\/nhmm.de\/index.php?rest_route=\/wp\/v2\/users\/3"}],"replies":[{"embeddable":true,"href":"https:\/\/nhmm.de\/index.php?rest_route=%2Fwp%2Fv2%2Fcomments&post=1528"}],"version-history":[{"count":2,"href":"https:\/\/nhmm.de\/index.php?rest_route=\/wp\/v2\/pages\/1528\/revisions"}],"predecessor-version":[{"id":1530,"href":"https:\/\/nhmm.de\/index.php?rest_route=\/wp\/v2\/pages\/1528\/revisions\/1530"}],"wp:attachment":[{"href":"https:\/\/nhmm.de\/index.php?rest_route=%2Fwp%2Fv2%2Fmedia&parent=1528"}],"curies":[{"name":"wp","href":"https:\/\/api.w.org\/{rel}","templated":true}]}}